{"id":97,"date":"2022-11-19T23:20:43","date_gmt":"2022-11-19T22:20:43","guid":{"rendered":"https:\/\/zlt.gold\/?page_id=97"},"modified":"2023-09-05T12:00:45","modified_gmt":"2023-09-05T10:00:45","slug":"widerruf","status":"publish","type":"page","link":"https:\/\/zlt.gold\/de\/widerruf\/","title":{"rendered":"Widerruf"},"content":{"rendered":"<div class=\"wpb-content-wrapper\"><p>[vc_row row_height_percent=&#8220;0&#8243; back_color=&#8220;color-jevc&#8220; overlay_alpha=&#8220;50&#8243; gutter_size=&#8220;3&#8243; column_width_percent=&#8220;100&#8243; shift_y=&#8220;0&#8243; z_index=&#8220;0&#8243; uncode_shortcode_id=&#8220;144365&#8243; back_color_type=&#8220;uncode-palette&#8220; shape_dividers=&#8220;&#8220;][vc_column width=&#8220;1\/1&#8243;][vc_column_text text_color=&#8220;color-xsdn&#8220; uncode_shortcode_id=&#8220;206839&#8243; text_color_type=&#8220;uncode-palette&#8220;]<\/p>\n<h1 style=\"font-weight: 400; color: #ffffff;\">Widerrufsbelehrung<\/h1>\n<p style=\"font-weight: 400;\"><strong style=\"color: #ffffff;\">ausschlie\u00dflich f\u00fcr <u>Verbraucher<\/u><\/strong><\/p>\n<p style=\"font-weight: 400;\"><strong style=\"color: #ffffff;\">Widerrufsrecht<\/strong><br \/>\nSie k\u00f6nnen Ihre Vertragserkl\u00e4rung innerhalb von 14 Tagen ohne Angabe von Gr\u00fcnden in Textform (z.B. Brief, Fax, E-Mail) oder &#8211; wenn Ihnen die Sache vor Fristablauf \u00fcberlassen wird &#8211; auch durch R\u00fccksendung der Sache widerrufen. Die Frist beginnt nach Erhalt dieser Belehrung in Textform, jedoch nicht vor Eingang der Ware beim Empf\u00e4nger (bei der wiederkehrenden Lieferung gleichartiger Waren nicht vor Eingang der ersten Teillieferung) und auch nicht vor Erf\u00fcllung unserer Informationspflichten gem\u00e4\u00df Artikel 246 \u00a7 2 in Verbindung mit \u00a7 1 Absatz 1 und 2 EGBGB sowie unserer Pflichten gem\u00e4\u00df \u00a7 312g Absatz 1 Satz 1 BGB in Verbindung mit Artikel 246 \u00a7 3 EGBGB. Zur Wahrung der Widerrufsfrist gen\u00fcgt die rechtzeitige Absendung des Widerrufs oder der Sache.<\/p>\n<p>Der Widerruf ist zu richten an:<\/p>\n<p style=\"font-weight: 400;\">ZLT GmbH<br \/>\nAn der Ratsforst 20<br \/>\n21335 L\u00fcneburg<\/p>\n<p style=\"font-weight: 400;\">Tel.: +49 4131 2205441<\/p>\n<p style=\"font-weight: 400;\">E-Mail: info@zlt.gold<\/p>\n<p><strong style=\"color: #ffffff;\">Widerrufsfolgen<\/strong><br \/>\nIm Falle eines wirksamen Widerrufs sind die beiderseits empfangenen Leistungen zur\u00fcckzugew\u00e4hren. K\u00f6nnen Sie uns die empfangene Leistung sowie Nutzungen (z.B. Gebrauchsvorteile) nicht oder teilweise nicht oder nur in verschlechtertem Zustand zur\u00fcckgew\u00e4hren beziehungsweise herausgeben, m\u00fcssen Sie uns insoweit Wertersatz leisten. F\u00fcr die Verschlechterung der Sache und f\u00fcr gezogene Nutzungen m\u00fcssen Sie Wertersatz nur leisten, soweit die Nutzungen oder die Verschlechterung auf einen Umgang mit der Sache zur\u00fcckzuf\u00fchren ist, der \u00fcber die Pr\u00fcfung der Eigenschaften und der Funktionsweise hinausgeht. Unter &#8222;Pr\u00fcfung der Eigenschaften und der Funktionsweise&#8220; versteht man das Testen und Ausprobieren der jeweiligen Ware, wie es etwa im Ladengesch\u00e4ft m\u00f6glich und \u00fcblich ist. Paketversandf\u00e4hige Sachen sind auf ihre Gefahr zur\u00fcckzusenden. Sie haben die regelm\u00e4\u00dfigen Kosten der R\u00fccksendung zu tragen, wenn die gelieferte Ware der bestellten entspricht. Andernfalls ist die R\u00fccksendung f\u00fcr Sie kostenfrei. Verpflichtungen zur Erstattung von Zahlungen m\u00fcssen innerhalb von 30 Tagen erf\u00fcllt werden. Die Frist beginnt f\u00fcr Sie mit der Absendung Ihrer Widerrufserkl\u00e4rung oder der Sache, f\u00fcr uns mit deren Empfang.<br \/>\nEnde der Widerrufsbelehrung<\/p>\n<p style=\"font-weight: 400;\">Muster-Widerrufsformular<\/p>\n<p style=\"font-weight: 400;\">(Wenn Sie den Vertrag widerrufen wollen, dann f\u00fcllen Sie bitte dieses Formular aus und senden Sie es zur\u00fcck.)<\/p>\n<p style=\"font-weight: 400;\">\u2013<\/p>\n<p style=\"font-weight: 400;\">\u00a0\u00a0\u00a0 An [hier ist der Name, die Anschrift und die E-Mail-Adresse des Unternehmers durch den Unternehmer einzuf\u00fcgen]:<\/p>\n<p style=\"font-weight: 400;\">\u2013<\/p>\n<p style=\"font-weight: 400;\">\u00a0\u00a0\u00a0 Hiermit widerrufe(n) ich\/wir (*) den von mir\/uns (*) abgeschlossenen Vertrag \u00fcber den Kauf der folgenden Waren (*)\/die Erbringung der folgenden Dienstleistung (*)<\/p>\n<p style=\"font-weight: 400;\">\u2013<\/p>\n<p style=\"font-weight: 400;\">\u00a0\u00a0 \u00a0Bestellt am (*)\/erhalten am (*)<\/p>\n<p style=\"font-weight: 400;\">\u2013<\/p>\n<p style=\"font-weight: 400;\">\u00a0\u00a0\u00a0 Name des\/der Verbraucher(s)<\/p>\n<p style=\"font-weight: 400;\">\u2013<\/p>\n<p style=\"font-weight: 400;\">\u00a0\u00a0\u00a0 Anschrift des\/der Verbraucher(s)<\/p>\n<p style=\"font-weight: 400;\">\u2013<\/p>\n<p style=\"font-weight: 400;\">\u00a0\u00a0\u00a0 Unterschrift des\/der Verbraucher(s) (nur bei Mitteilung auf Papier)<\/p>\n<p style=\"font-weight: 400;\">\u2013<\/p>\n<p style=\"font-weight: 400;\">\u00a0\u00a0\u00a0 Datum<\/p>\n<p style=\"font-weight: 400;\">(*) Unzutreffendes streichen.<\/p>\n<p>[\/vc_column_text][\/vc_column][\/vc_row]<\/p>\n<\/div>","protected":false},"excerpt":{"rendered":"<p>[vc_row row_height_percent=&#8220;0&#8243; back_color=&#8220;color-jevc&#8220; overlay_alpha=&#8220;50&#8243; gutter_size=&#8220;3&#8243; column_width_percent=&#8220;100&#8243; shift_y=&#8220;0&#8243; z_index=&#8220;0&#8243; uncode_shortcode_id=&#8220;144365&#8243; back_color_type=&#8220;uncode-palette&#8220; shape_dividers=&#8220;&#8220;][vc_column width=&#8220;1\/1&#8243;][vc_column_text text_color=&#8220;color-xsdn&#8220; uncode_shortcode_id=&#8220;206839&#8243; text_color_type=&#8220;uncode-palette&#8220;] Widerrufsbelehrung ausschlie\u00dflich f\u00fcr Verbraucher Widerrufsrecht [&hellip;]<\/p>\n","protected":false},"author":2,"featured_media":0,"parent":0,"menu_order":0,"comment_status":"closed","ping_status":"closed","template":"","meta":{"footnotes":""},"class_list":["post-97","page","type-page","status-publish","hentry"],"yoast_head":"<!-- This site is optimized with the Yoast SEO plugin v26.4 - https:\/\/yoast.com\/wordpress\/plugins\/seo\/ -->\n<title>Widerruf - ZLT Gold<\/title>\n<meta name=\"robots\" content=\"index, follow, max-snippet:-1, max-image-preview:large, max-video-preview:-1\" \/>\n<link rel=\"canonical\" href=\"https:\/\/zlt.gold\/widerruf\/\" \/>\n<meta property=\"og:locale\" content=\"de_DE\" \/>\n<meta property=\"og:type\" content=\"article\" \/>\n<meta property=\"og:title\" content=\"Widerruf - ZLT Gold\" \/>\n<meta property=\"og:description\" content=\"[vc_row row_height_percent=&#8220;0&#8243; back_color=&#8220;color-jevc&#8220; overlay_alpha=&#8220;50&#8243; gutter_size=&#8220;3&#8243; column_width_percent=&#8220;100&#8243; shift_y=&#8220;0&#8243; z_index=&#8220;0&#8243; uncode_shortcode_id=&#8220;144365&#8243; back_color_type=&#8220;uncode-palette&#8220; shape_dividers=&#8220;&#8220;][vc_column width=&#8220;1\/1&#8243;][vc_column_text text_color=&#8220;color-xsdn&#8220; uncode_shortcode_id=&#8220;206839&#8243; text_color_type=&#8220;uncode-palette&#8220;] Widerrufsbelehrung ausschlie\u00dflich f\u00fcr Verbraucher Widerrufsrecht [&hellip;]\" \/>\n<meta property=\"og:url\" content=\"https:\/\/zlt.gold\/widerruf\/\" \/>\n<meta property=\"og:site_name\" content=\"ZLT Gold\" \/>\n<meta property=\"article:modified_time\" content=\"2023-09-05T10:00:45+00:00\" \/>\n<meta name=\"twitter:card\" content=\"summary_large_image\" \/>\n<meta name=\"twitter:label1\" content=\"Gesch\u00e4tzte Lesezeit\" \/>\n\t<meta name=\"twitter:data1\" content=\"3\u00a0Minuten\" \/>\n<script type=\"application\/ld+json\" class=\"yoast-schema-graph\">{\"@context\":\"https:\/\/schema.org\",\"@graph\":[{\"@type\":\"WebPage\",\"@id\":\"https:\/\/zlt.gold\/widerruf\/\",\"url\":\"https:\/\/zlt.gold\/widerruf\/\",\"name\":\"Widerruf - ZLT Gold\",\"isPartOf\":{\"@id\":\"https:\/\/zlt.gold\/#website\"},\"datePublished\":\"2022-11-19T22:20:43+00:00\",\"dateModified\":\"2023-09-05T10:00:45+00:00\",\"breadcrumb\":{\"@id\":\"https:\/\/zlt.gold\/widerruf\/#breadcrumb\"},\"inLanguage\":\"de\",\"potentialAction\":[{\"@type\":\"ReadAction\",\"target\":[\"https:\/\/zlt.gold\/widerruf\/\"]}]},{\"@type\":\"BreadcrumbList\",\"@id\":\"https:\/\/zlt.gold\/widerruf\/#breadcrumb\",\"itemListElement\":[{\"@type\":\"ListItem\",\"position\":1,\"name\":\"Startseite\",\"item\":\"https:\/\/zlt.gold\/\"},{\"@type\":\"ListItem\",\"position\":2,\"name\":\"Widerruf\"}]},{\"@type\":\"WebSite\",\"@id\":\"https:\/\/zlt.gold\/#website\",\"url\":\"https:\/\/zlt.gold\/\",\"name\":\"ZLT Gold\",\"description\":\"Webseite\",\"publisher\":{\"@id\":\"https:\/\/zlt.gold\/#organization\"},\"potentialAction\":[{\"@type\":\"SearchAction\",\"target\":{\"@type\":\"EntryPoint\",\"urlTemplate\":\"https:\/\/zlt.gold\/?s={search_term_string}\"},\"query-input\":{\"@type\":\"PropertyValueSpecification\",\"valueRequired\":true,\"valueName\":\"search_term_string\"}}],\"inLanguage\":\"de\"},{\"@type\":\"Organization\",\"@id\":\"https:\/\/zlt.gold\/#organization\",\"name\":\"ZLT Gold\",\"url\":\"https:\/\/zlt.gold\/\",\"logo\":{\"@type\":\"ImageObject\",\"inLanguage\":\"de\",\"@id\":\"https:\/\/zlt.gold\/#\/schema\/logo\/image\/\",\"url\":\"https:\/\/zlt.gold\/wp-content\/uploads\/2023\/06\/ZLT-Wort-u.-Bildmarke.png\",\"contentUrl\":\"https:\/\/zlt.gold\/wp-content\/uploads\/2023\/06\/ZLT-Wort-u.-Bildmarke.png\",\"width\":968,\"height\":740,\"caption\":\"ZLT Gold\"},\"image\":{\"@id\":\"https:\/\/zlt.gold\/#\/schema\/logo\/image\/\"},\"sameAs\":[\"https:\/\/z-p42.www.instagram.com\/zlt_gmbh\/\"]}]}<\/script>\n<!-- \/ Yoast SEO plugin. -->","yoast_head_json":{"title":"Widerruf - ZLT Gold","robots":{"index":"index","follow":"follow","max-snippet":"max-snippet:-1","max-image-preview":"max-image-preview:large","max-video-preview":"max-video-preview:-1"},"canonical":"https:\/\/zlt.gold\/widerruf\/","og_locale":"de_DE","og_type":"article","og_title":"Widerruf - ZLT Gold","og_description":"[vc_row row_height_percent=&#8220;0&#8243; back_color=&#8220;color-jevc&#8220; overlay_alpha=&#8220;50&#8243; gutter_size=&#8220;3&#8243; column_width_percent=&#8220;100&#8243; shift_y=&#8220;0&#8243; z_index=&#8220;0&#8243; uncode_shortcode_id=&#8220;144365&#8243; back_color_type=&#8220;uncode-palette&#8220; shape_dividers=&#8220;&#8220;][vc_column width=&#8220;1\/1&#8243;][vc_column_text text_color=&#8220;color-xsdn&#8220; uncode_shortcode_id=&#8220;206839&#8243; text_color_type=&#8220;uncode-palette&#8220;] Widerrufsbelehrung ausschlie\u00dflich f\u00fcr Verbraucher Widerrufsrecht [&hellip;]","og_url":"https:\/\/zlt.gold\/widerruf\/","og_site_name":"ZLT Gold","article_modified_time":"2023-09-05T10:00:45+00:00","twitter_card":"summary_large_image","twitter_misc":{"Gesch\u00e4tzte Lesezeit":"3\u00a0Minuten"},"schema":{"@context":"https:\/\/schema.org","@graph":[{"@type":"WebPage","@id":"https:\/\/zlt.gold\/widerruf\/","url":"https:\/\/zlt.gold\/widerruf\/","name":"Widerruf - ZLT Gold","isPartOf":{"@id":"https:\/\/zlt.gold\/#website"},"datePublished":"2022-11-19T22:20:43+00:00","dateModified":"2023-09-05T10:00:45+00:00","breadcrumb":{"@id":"https:\/\/zlt.gold\/widerruf\/#breadcrumb"},"inLanguage":"de","potentialAction":[{"@type":"ReadAction","target":["https:\/\/zlt.gold\/widerruf\/"]}]},{"@type":"BreadcrumbList","@id":"https:\/\/zlt.gold\/widerruf\/#breadcrumb","itemListElement":[{"@type":"ListItem","position":1,"name":"Startseite","item":"https:\/\/zlt.gold\/"},{"@type":"ListItem","position":2,"name":"Widerruf"}]},{"@type":"WebSite","@id":"https:\/\/zlt.gold\/#website","url":"https:\/\/zlt.gold\/","name":"ZLT Gold","description":"Webseite","publisher":{"@id":"https:\/\/zlt.gold\/#organization"},"potentialAction":[{"@type":"SearchAction","target":{"@type":"EntryPoint","urlTemplate":"https:\/\/zlt.gold\/?s={search_term_string}"},"query-input":{"@type":"PropertyValueSpecification","valueRequired":true,"valueName":"search_term_string"}}],"inLanguage":"de"},{"@type":"Organization","@id":"https:\/\/zlt.gold\/#organization","name":"ZLT Gold","url":"https:\/\/zlt.gold\/","logo":{"@type":"ImageObject","inLanguage":"de","@id":"https:\/\/zlt.gold\/#\/schema\/logo\/image\/","url":"https:\/\/zlt.gold\/wp-content\/uploads\/2023\/06\/ZLT-Wort-u.-Bildmarke.png","contentUrl":"https:\/\/zlt.gold\/wp-content\/uploads\/2023\/06\/ZLT-Wort-u.-Bildmarke.png","width":968,"height":740,"caption":"ZLT Gold"},"image":{"@id":"https:\/\/zlt.gold\/#\/schema\/logo\/image\/"},"sameAs":["https:\/\/z-p42.www.instagram.com\/zlt_gmbh\/"]}]}},"_links":{"self":[{"href":"https:\/\/zlt.gold\/de\/wp-json\/wp\/v2\/pages\/97","targetHints":{"allow":["GET"]}}],"collection":[{"href":"https:\/\/zlt.gold\/de\/wp-json\/wp\/v2\/pages"}],"about":[{"href":"https:\/\/zlt.gold\/de\/wp-json\/wp\/v2\/types\/page"}],"author":[{"embeddable":true,"href":"https:\/\/zlt.gold\/de\/wp-json\/wp\/v2\/users\/2"}],"replies":[{"embeddable":true,"href":"https:\/\/zlt.gold\/de\/wp-json\/wp\/v2\/comments?post=97"}],"version-history":[{"count":2,"href":"https:\/\/zlt.gold\/de\/wp-json\/wp\/v2\/pages\/97\/revisions"}],"predecessor-version":[{"id":370,"href":"https:\/\/zlt.gold\/de\/wp-json\/wp\/v2\/pages\/97\/revisions\/370"}],"wp:attachment":[{"href":"https:\/\/zlt.gold\/de\/wp-json\/wp\/v2\/media?parent=97"}],"curies":[{"name":"wp","href":"https:\/\/api.w.org\/{rel}","templated":true}]}}